{"id":2466,"date":"2024-11-20T17:33:14","date_gmt":"2024-11-20T15:33:14","guid":{"rendered":"https:\/\/www.uunisaari.fi\/restaurant-cafe\/"},"modified":"2025-11-12T10:22:48","modified_gmt":"2025-11-12T08:22:48","slug":"restaurant-cafe","status":"publish","type":"page","link":"https:\/\/www.uunisaari.fi\/en\/restaurant-cafe\/","title":{"rendered":"Restaurant &amp; Caf\u00e9"},"content":{"rendered":"<p><div class=\"fusion-fullwidth fullwidth-box fusion-builder-row-1 fusion-flex-container has-pattern-background has-mask-background nonhundred-percent-fullwidth non-hundred-percent-height-scrolling\" style=\"--awb-border-radius-top-left:0px;--awb-border-radius-top-right:0px;--awb-border-radius-bottom-right:0px;--awb-border-radius-bottom-left:0px;--awb-padding-top:60px;--awb-padding-bottom:60px;--awb-flex-wrap:wrap;\" ><div class=\"fusion-builder-row fusion-row fusion-flex-align-items-center fusion-flex-content-wrap\" style=\"max-width:1216.8px;margin-left: calc(-4% \/ 2 );margin-right: calc(-4% \/ 2 );\"><div class=\"fusion-layout-column fusion_builder_column fusion-builder-column-0 fusion_builder_column_1_2 1_2 fusion-flex-column\" style=\"--awb-bg-size:cover;--awb-width-large:50%;--awb-margin-top-large:0px;--awb-spacing-right-large:3.84%;--awb-margin-bottom-large:20px;--awb-spacing-left-large:3.84%;--awb-width-medium:100%;--awb-order-medium:0;--awb-spacing-right-medium:1.92%;--awb-spacing-left-medium:1.92%;--awb-width-small:100%;--awb-order-small:0;--awb-spacing-right-small:1.92%;--awb-spacing-left-small:1.92%;\"><div class=\"fusion-column-wrapper fusion-column-has-shadow fusion-flex-justify-content-flex-start fusion-content-layout-column\"><div class=\"fusion-text fusion-text-1\"><h2 class=\"\" style=\"--fontsize: 28; line-height: 1.36;\" data-fontsize=\"28\" data-lineheight=\"38.08px\">Stop by our caf\u00e9 during your walk, or come and enjoy a culinary experience at our restaurant for your private event<\/h2>\n<p>Uunisaari Restaurant offers high-quality, seasonal delicacies that blend Scandinavian cuisine with international flavors. The stunning sea views and warm ambiance create the perfect setting for both everyday pleasures and special occasions. Join us for an evening private event in the restaurant, or drop by the caf\u00e9 to enjoy a steaming bowl of salmon soup during your walk.<\/p>\n<p>Our restaurant can host a wide range of private events, such as weddings, meetings, parties and business dinners. We will tailor menus and services to your specific needs. Come and enjoy good food and stunning archipelago views!<\/p>\n<\/div><\/div><\/div><div class=\"fusion-layout-column fusion_builder_column fusion-builder-column-1 fusion_builder_column_1_2 1_2 fusion-flex-column\" style=\"--awb-bg-size:cover;--awb-width-large:50%;--awb-margin-top-large:0px;--awb-spacing-right-large:3.84%;--awb-margin-bottom-large:20px;--awb-spacing-left-large:3.84%;--awb-width-medium:100%;--awb-order-medium:0;--awb-spacing-right-medium:1.92%;--awb-spacing-left-medium:1.92%;--awb-width-small:100%;--awb-order-small:0;--awb-spacing-right-small:1.92%;--awb-spacing-left-small:1.92%;\"><div class=\"fusion-column-wrapper fusion-column-has-shadow fusion-flex-justify-content-flex-start fusion-content-layout-column\"><div class=\"fusion-image-element \" style=\"--awb-aspect-ratio:1 \/ 1;--awb-object-position:17% 67%;--awb-caption-title-font-family:var(--h2_typography-font-family);--awb-caption-title-font-weight:var(--h2_typography-font-weight);--awb-caption-title-font-style:var(--h2_typography-font-style);--awb-caption-title-size:var(--h2_typography-font-size);--awb-caption-title-transform:var(--h2_typography-text-transform);--awb-caption-title-line-height:var(--h2_typography-line-height);--awb-caption-title-letter-spacing:var(--h2_typography-letter-spacing);\"><span class=\" fusion-imageframe imageframe-none imageframe-1 hover-type-none has-aspect-ratio\"><img decoding=\"async\" width=\"600\" height=\"903\" src=\"https:\/\/www.uunisaari.fi\/wp-content\/uploads\/2024\/11\/uunisaari_ravintola-600x903.jpg\" class=\"img-responsive wp-image-2409 img-with-aspect-ratio\" alt srcset=\"https:\/\/www.uunisaari.fi\/wp-content\/uploads\/2024\/11\/uunisaari_ravintola-200x301.jpg 200w, https:\/\/www.uunisaari.fi\/wp-content\/uploads\/2024\/11\/uunisaari_ravintola-400x602.jpg 400w, https:\/\/www.uunisaari.fi\/wp-content\/uploads\/2024\/11\/uunisaari_ravintola-600x903.jpg 600w, https:\/\/www.uunisaari.fi\/wp-content\/uploads\/2024\/11\/uunisaari_ravintola-800x1204.jpg 800w, https:\/\/www.uunisaari.fi\/wp-content\/uploads\/2024\/11\/uunisaari_ravintola-1200x1807.jpg 1200w, https:\/\/www.uunisaari.fi\/wp-content\/uploads\/2024\/11\/uunisaari_ravintola.jpg 1258w\" sizes=\"(max-width: 1024px) 100vw, (max-width: 640px) 100vw, 600px\" \/><\/span><\/div><\/div><\/div><\/div><\/div><div class=\"fusion-fullwidth fullwidth-box fusion-builder-row-2 fusion-flex-container has-pattern-background has-mask-background nonhundred-percent-fullwidth non-hundred-percent-height-scrolling\" style=\"--awb-border-radius-top-left:0px;--awb-border-radius-top-right:0px;--awb-border-radius-bottom-right:0px;--awb-border-radius-bottom-left:0px;--awb-padding-top:60px;--awb-padding-bottom:60px;--awb-background-color:var(--awb-color2);--awb-flex-wrap:wrap;\" ><div class=\"fusion-builder-row fusion-row fusion-flex-align-items-center fusion-flex-content-wrap\" style=\"max-width:1216.8px;margin-left: calc(-4% \/ 2 );margin-right: calc(-4% \/ 2 );\"><div class=\"fusion-layout-column fusion_builder_column fusion-builder-column-2 fusion_builder_column_1_2 1_2 fusion-flex-column\" style=\"--awb-bg-size:cover;--awb-width-large:50%;--awb-margin-top-large:0px;--awb-spacing-right-large:3.84%;--awb-margin-bottom-large:20px;--awb-spacing-left-large:3.84%;--awb-width-medium:100%;--awb-order-medium:0;--awb-spacing-right-medium:1.92%;--awb-spacing-left-medium:1.92%;--awb-width-small:100%;--awb-order-small:0;--awb-spacing-right-small:1.92%;--awb-spacing-left-small:1.92%;\"><div class=\"fusion-column-wrapper fusion-column-has-shadow fusion-flex-justify-content-flex-start fusion-content-layout-column\"><div class=\"fusion-image-element \" style=\"--awb-aspect-ratio:1 \/ 1;--awb-object-position:16% 65%;--awb-caption-title-font-family:var(--h2_typography-font-family);--awb-caption-title-font-weight:var(--h2_typography-font-weight);--awb-caption-title-font-style:var(--h2_typography-font-style);--awb-caption-title-size:var(--h2_typography-font-size);--awb-caption-title-transform:var(--h2_typography-text-transform);--awb-caption-title-line-height:var(--h2_typography-line-height);--awb-caption-title-letter-spacing:var(--h2_typography-letter-spacing);\"><span class=\" fusion-imageframe imageframe-none imageframe-2 hover-type-none has-aspect-ratio\"><img decoding=\"async\" width=\"600\" height=\"900\" src=\"https:\/\/www.uunisaari.fi\/wp-content\/uploads\/2024\/11\/uunisaari-05483-600x900.jpg\" class=\"img-responsive wp-image-2395 img-with-aspect-ratio\" alt srcset=\"https:\/\/www.uunisaari.fi\/wp-content\/uploads\/2024\/11\/uunisaari-05483-200x300.jpg 200w, https:\/\/www.uunisaari.fi\/wp-content\/uploads\/2024\/11\/uunisaari-05483-400x600.jpg 400w, https:\/\/www.uunisaari.fi\/wp-content\/uploads\/2024\/11\/uunisaari-05483-600x900.jpg 600w, https:\/\/www.uunisaari.fi\/wp-content\/uploads\/2024\/11\/uunisaari-05483-800x1200.jpg 800w, https:\/\/www.uunisaari.fi\/wp-content\/uploads\/2024\/11\/uunisaari-05483.jpg 1024w\" sizes=\"(max-width: 1024px) 100vw, (max-width: 640px) 100vw, 600px\" \/><\/span><\/div><\/div><\/div><div class=\"fusion-layout-column fusion_builder_column fusion-builder-column-3 fusion_builder_column_1_2 1_2 fusion-flex-column\" style=\"--awb-bg-size:cover;--awb-width-large:50%;--awb-margin-top-large:0px;--awb-spacing-right-large:3.84%;--awb-margin-bottom-large:20px;--awb-spacing-left-large:3.84%;--awb-width-medium:100%;--awb-order-medium:0;--awb-spacing-right-medium:1.92%;--awb-spacing-left-medium:1.92%;--awb-width-small:100%;--awb-order-small:0;--awb-spacing-right-small:1.92%;--awb-spacing-left-small:1.92%;\"><div class=\"fusion-column-wrapper fusion-column-has-shadow fusion-flex-justify-content-flex-start fusion-content-layout-column\"><div class=\"fusion-text fusion-text-2\"><h2 class=\"\" style=\"--fontsize: 28; line-height: 1.36;\" data-fontsize=\"28\" data-lineheight=\"38.08px\">Opening hours and reservations<\/h2>\n<p>The new terrace and saunas at Uunisaari are open during the island\u2019s operating hours. Our restaurant is available for private events all year round.<\/p>\n<p>\nThe Uunisaari winter caf\u00e9 opens again on 22nd of November. <span style=\"background-color: rgba(0, 0, 0, 0);\">The cafe is open on Saturdays and Sundays from 11am to 5pm. <\/span><\/p>\n<\/div><\/div><\/div><\/div><\/div><div class=\"fusion-fullwidth fullwidth-box fusion-builder-row-3 fusion-flex-container has-pattern-background has-mask-background nonhundred-percent-fullwidth non-hundred-percent-height-scrolling\" style=\"--awb-border-radius-top-left:0px;--awb-border-radius-top-right:0px;--awb-border-radius-bottom-right:0px;--awb-border-radius-bottom-left:0px;--awb-padding-top:60px;--awb-padding-bottom:10px;--awb-flex-wrap:wrap;\" ><div class=\"fusion-builder-row fusion-row fusion-flex-align-items-center fusion-flex-content-wrap\" style=\"max-width:1216.8px;margin-left: calc(-4% \/ 2 );margin-right: calc(-4% \/ 2 );\"><div class=\"fusion-layout-column fusion_builder_column fusion-builder-column-4 fusion_builder_column_1_1 1_1 fusion-flex-column\" style=\"--awb-bg-size:cover;--awb-width-large:100%;--awb-margin-top-large:0px;--awb-spacing-right-large:1.92%;--awb-margin-bottom-large:20px;--awb-spacing-left-large:1.92%;--awb-width-medium:100%;--awb-order-medium:0;--awb-spacing-right-medium:1.92%;--awb-spacing-left-medium:1.92%;--awb-width-small:100%;--awb-order-small:0;--awb-spacing-right-small:1.92%;--awb-spacing-left-small:1.92%;\"><div class=\"fusion-column-wrapper fusion-column-has-shadow fusion-flex-justify-content-flex-start fusion-content-layout-column\"><div class=\"fusion-text fusion-text-3\" style=\"--awb-content-alignment:center;\"><h2>Menus<\/h2>\n<\/div><\/div><\/div><\/div><\/div><div class=\"fusion-fullwidth fullwidth-box fusion-builder-row-4 fusion-flex-container has-pattern-background has-mask-background nonhundred-percent-fullwidth non-hundred-percent-height-scrolling\" style=\"--awb-border-radius-top-left:0px;--awb-border-radius-top-right:0px;--awb-border-radius-bottom-right:0px;--awb-border-radius-bottom-left:0px;--awb-padding-top:20px;--awb-padding-bottom:40px;--awb-flex-wrap:wrap;\" id=\"joulu\" ><div class=\"fusion-builder-row fusion-row fusion-flex-align-items-flex-start fusion-flex-justify-content-center fusion-flex-content-wrap\" style=\"max-width:1216.8px;margin-left: calc(-4% \/ 2 );margin-right: calc(-4% \/ 2 );\"><div class=\"fusion-layout-column fusion_builder_column fusion-builder-column-5 fusion_builder_column_1_1 1_1 fusion-flex-column\" style=\"--awb-bg-size:cover;--awb-width-large:100%;--awb-margin-top-large:0px;--awb-spacing-right-large:1.92%;--awb-margin-bottom-large:20px;--awb-spacing-left-large:1.92%;--awb-width-medium:100%;--awb-order-medium:0;--awb-spacing-right-medium:1.92%;--awb-spacing-left-medium:1.92%;--awb-width-small:100%;--awb-order-small:0;--awb-spacing-right-small:1.92%;--awb-spacing-left-small:1.92%;\"><div class=\"fusion-column-wrapper fusion-column-has-shadow fusion-flex-justify-content-flex-start fusion-content-layout-column\"><\/div><\/div><\/div><\/div><div class=\"fusion-fullwidth fullwidth-box fusion-builder-row-5 fusion-flex-container has-pattern-background has-mask-background nonhundred-percent-fullwidth non-hundred-percent-height-scrolling\" style=\"--awb-border-radius-top-left:0px;--awb-border-radius-top-right:0px;--awb-border-radius-bottom-right:0px;--awb-border-radius-bottom-left:0px;--awb-padding-top:40px;--awb-padding-bottom:40px;--awb-flex-wrap:wrap;\" id=\"haat\" ><div class=\"fusion-builder-row fusion-row fusion-flex-align-items-flex-start fusion-flex-justify-content-center fusion-flex-content-wrap\" style=\"max-width:1216.8px;margin-left: calc(-4% \/ 2 );margin-right: calc(-4% \/ 2 );\"><div class=\"fusion-layout-column fusion_builder_column fusion-builder-column-6 fusion_builder_column_1_1 1_1 fusion-flex-column\" style=\"--awb-bg-size:cover;--awb-width-large:100%;--awb-margin-top-large:0px;--awb-spacing-right-large:1.92%;--awb-margin-bottom-large:20px;--awb-spacing-left-large:1.92%;--awb-width-medium:100%;--awb-order-medium:0;--awb-spacing-right-medium:1.92%;--awb-spacing-left-medium:1.92%;--awb-width-small:100%;--awb-order-small:0;--awb-spacing-right-small:1.92%;--awb-spacing-left-small:1.92%;\"><div class=\"fusion-column-wrapper fusion-column-has-shadow fusion-flex-justify-content-flex-start fusion-content-layout-column\"><div class=\"fusion-text fusion-text-4\" style=\"--awb-content-alignment:center;\"><h3>Wedding menus<\/h3>\n<\/div><\/div><\/div><div class=\"fusion-layout-column fusion_builder_column fusion-builder-column-7 fusion_builder_column_1_3 1_3 fusion-flex-column\" style=\"--awb-bg-size:cover;--awb-width-large:33.333333333333%;--awb-margin-top-large:0px;--awb-spacing-right-large:5.76%;--awb-margin-bottom-large:20px;--awb-spacing-left-large:5.76%;--awb-width-medium:100%;--awb-order-medium:0;--awb-spacing-right-medium:1.92%;--awb-spacing-left-medium:1.92%;--awb-width-small:100%;--awb-order-small:0;--awb-spacing-right-small:1.92%;--awb-spacing-left-small:1.92%;\" data-scroll-devices=\"small-visibility,medium-visibility,large-visibility\"><div class=\"fusion-column-wrapper fusion-column-has-shadow fusion-flex-justify-content-flex-start fusion-content-layout-column\"><a class=\"awb-lightbox awb-lightbox-1\" href=\"https:\/\/www.uunisaari.fi\/wp-content\/uploads\/2025\/06\/EN_Menu-3.jpg\" data-rel=\"iLightbox\"><img decoding=\"async\" src=\"https:\/\/www.uunisaari.fi\/wp-content\/uploads\/2025\/06\/EN_Menu-3.jpg\"><\/a><\/div><\/div><div class=\"fusion-layout-column fusion_builder_column fusion-builder-column-8 fusion_builder_column_1_3 1_3 fusion-flex-column\" style=\"--awb-bg-size:cover;--awb-width-large:33.333333333333%;--awb-margin-top-large:0px;--awb-spacing-right-large:5.76%;--awb-margin-bottom-large:20px;--awb-spacing-left-large:5.76%;--awb-width-medium:100%;--awb-order-medium:0;--awb-spacing-right-medium:1.92%;--awb-spacing-left-medium:1.92%;--awb-width-small:100%;--awb-order-small:0;--awb-spacing-right-small:1.92%;--awb-spacing-left-small:1.92%;\" data-scroll-devices=\"small-visibility,medium-visibility,large-visibility\"><div class=\"fusion-column-wrapper fusion-column-has-shadow fusion-flex-justify-content-flex-start fusion-content-layout-column\"><a class=\"awb-lightbox awb-lightbox-2\" href=\"https:\/\/www.uunisaari.fi\/wp-content\/uploads\/2025\/06\/EN_Menu-4.jpg\" data-rel=\"iLightbox\"><img decoding=\"async\" src=\"https:\/\/www.uunisaari.fi\/wp-content\/uploads\/2025\/06\/EN_Menu-4.jpg\"><\/a><\/div><\/div><\/div><\/div><div class=\"fusion-fullwidth fullwidth-box fusion-builder-row-6 fusion-flex-container has-pattern-background has-mask-background nonhundred-percent-fullwidth non-hundred-percent-height-scrolling\" style=\"--awb-border-radius-top-left:0px;--awb-border-radius-top-right:0px;--awb-border-radius-bottom-right:0px;--awb-border-radius-bottom-left:0px;--awb-padding-top:40px;--awb-padding-bottom:40px;--awb-flex-wrap:wrap;\" id=\"kokoukset\" ><div class=\"fusion-builder-row fusion-row fusion-flex-align-items-flex-start fusion-flex-justify-content-center fusion-flex-content-wrap\" style=\"max-width:1216.8px;margin-left: calc(-4% \/ 2 );margin-right: calc(-4% \/ 2 );\"><div class=\"fusion-layout-column fusion_builder_column fusion-builder-column-9 fusion_builder_column_1_1 1_1 fusion-flex-column\" style=\"--awb-bg-size:cover;--awb-width-large:100%;--awb-margin-top-large:0px;--awb-spacing-right-large:1.92%;--awb-margin-bottom-large:20px;--awb-spacing-left-large:1.92%;--awb-width-medium:100%;--awb-order-medium:0;--awb-spacing-right-medium:1.92%;--awb-spacing-left-medium:1.92%;--awb-width-small:100%;--awb-order-small:0;--awb-spacing-right-small:1.92%;--awb-spacing-left-small:1.92%;\"><div class=\"fusion-column-wrapper fusion-column-has-shadow fusion-flex-justify-content-flex-start fusion-content-layout-column\"><div class=\"fusion-text fusion-text-5\" style=\"--awb-content-alignment:center;\"><h3>Menus for groups<\/h3>\n<\/div><\/div><\/div><div class=\"fusion-layout-column fusion_builder_column fusion-builder-column-10 fusion_builder_column_1_3 1_3 fusion-flex-column\" style=\"--awb-bg-size:cover;--awb-width-large:33.333333333333%;--awb-margin-top-large:0px;--awb-spacing-right-large:5.76%;--awb-margin-bottom-large:20px;--awb-spacing-left-large:5.76%;--awb-width-medium:100%;--awb-order-medium:0;--awb-spacing-right-medium:1.92%;--awb-spacing-left-medium:1.92%;--awb-width-small:100%;--awb-order-small:0;--awb-spacing-right-small:1.92%;--awb-spacing-left-small:1.92%;\"><div class=\"fusion-column-wrapper fusion-column-has-shadow fusion-flex-justify-content-flex-start fusion-content-layout-column\"><a class=\"awb-lightbox awb-lightbox-3\" href=\"https:\/\/www.uunisaari.fi\/wp-content\/uploads\/2025\/06\/EN_Menu-.jpg\" data-rel=\"iLightbox\"><img decoding=\"async\" src=\"https:\/\/www.uunisaari.fi\/wp-content\/uploads\/2025\/06\/EN_Menu-.jpg\"><\/a><\/div><\/div><div class=\"fusion-layout-column fusion_builder_column fusion-builder-column-11 fusion_builder_column_1_3 1_3 fusion-flex-column\" style=\"--awb-bg-size:cover;--awb-width-large:33.333333333333%;--awb-margin-top-large:0px;--awb-spacing-right-large:5.76%;--awb-margin-bottom-large:20px;--awb-spacing-left-large:5.76%;--awb-width-medium:100%;--awb-order-medium:0;--awb-spacing-right-medium:1.92%;--awb-spacing-left-medium:1.92%;--awb-width-small:100%;--awb-order-small:0;--awb-spacing-right-small:1.92%;--awb-spacing-left-small:1.92%;\"><div class=\"fusion-column-wrapper fusion-column-has-shadow fusion-flex-justify-content-flex-start fusion-content-layout-column\"><a class=\"awb-lightbox awb-lightbox-4\" href=\"https:\/\/www.uunisaari.fi\/wp-content\/uploads\/2025\/06\/EN_Menu-2.jpg\" data-rel=\"iLightbox\"><img decoding=\"async\" src=\"https:\/\/www.uunisaari.fi\/wp-content\/uploads\/2025\/06\/EN_Menu-2.jpg\"><\/a><\/div><\/div><\/div><\/div><div class=\"fusion-fullwidth fullwidth-box fusion-builder-row-7 fusion-flex-container has-pattern-background has-mask-background nonhundred-percent-fullwidth non-hundred-percent-height-scrolling\" style=\"--awb-border-radius-top-left:0px;--awb-border-radius-top-right:0px;--awb-border-radius-bottom-right:0px;--awb-border-radius-bottom-left:0px;--awb-padding-top:40px;--awb-padding-bottom:40px;--awb-flex-wrap:wrap;\" ><div class=\"fusion-builder-row fusion-row fusion-flex-align-items-flex-start fusion-flex-justify-content-center fusion-flex-content-wrap\" style=\"max-width:1216.8px;margin-left: calc(-4% \/ 2 );margin-right: calc(-4% \/ 2 );\"><div class=\"fusion-layout-column fusion_builder_column fusion-builder-column-12 fusion_builder_column_1_1 1_1 fusion-flex-column\" style=\"--awb-bg-size:cover;--awb-width-large:100%;--awb-margin-top-large:0px;--awb-spacing-right-large:1.92%;--awb-margin-bottom-large:20px;--awb-spacing-left-large:1.92%;--awb-width-medium:100%;--awb-order-medium:0;--awb-spacing-right-medium:1.92%;--awb-spacing-left-medium:1.92%;--awb-width-small:100%;--awb-order-small:0;--awb-spacing-right-small:1.92%;--awb-spacing-left-small:1.92%;\"><div class=\"fusion-column-wrapper fusion-column-has-shadow fusion-flex-justify-content-flex-start fusion-content-layout-column\"><div class=\"fusion-text fusion-text-6\" style=\"--awb-content-alignment:center;\"><h3>Buffet menus<\/h3>\n<\/div><\/div><\/div><div class=\"fusion-layout-column fusion_builder_column fusion-builder-column-13 fusion_builder_column_1_3 1_3 fusion-flex-column\" style=\"--awb-bg-size:cover;--awb-width-large:33.333333333333%;--awb-margin-top-large:0px;--awb-spacing-right-large:5.76%;--awb-margin-bottom-large:20px;--awb-spacing-left-large:5.76%;--awb-width-medium:100%;--awb-order-medium:0;--awb-spacing-right-medium:1.92%;--awb-spacing-left-medium:1.92%;--awb-width-small:100%;--awb-order-small:0;--awb-spacing-right-small:1.92%;--awb-spacing-left-small:1.92%;\"><div class=\"fusion-column-wrapper fusion-column-has-shadow fusion-flex-justify-content-flex-start fusion-content-layout-column\"><a class=\"awb-lightbox awb-lightbox-5\" href=\"https:\/\/www.uunisaari.fi\/wp-content\/uploads\/2025\/06\/EN_Menu-6.jpg\" data-rel=\"iLightbox\"><img decoding=\"async\" src=\"https:\/\/www.uunisaari.fi\/wp-content\/uploads\/2025\/06\/EN_Menu-6.jpg\"><\/a><\/div><\/div><div class=\"fusion-layout-column fusion_builder_column fusion-builder-column-14 fusion_builder_column_1_3 1_3 fusion-flex-column\" style=\"--awb-bg-size:cover;--awb-width-large:33.333333333333%;--awb-margin-top-large:0px;--awb-spacing-right-large:5.76%;--awb-margin-bottom-large:20px;--awb-spacing-left-large:5.76%;--awb-width-medium:100%;--awb-order-medium:0;--awb-spacing-right-medium:1.92%;--awb-spacing-left-medium:1.92%;--awb-width-small:100%;--awb-order-small:0;--awb-spacing-right-small:1.92%;--awb-spacing-left-small:1.92%;\"><div class=\"fusion-column-wrapper fusion-column-has-shadow fusion-flex-justify-content-flex-start fusion-content-layout-column\"><a class=\"awb-lightbox awb-lightbox-6\" href=\"https:\/\/www.uunisaari.fi\/wp-content\/uploads\/2025\/06\/EN_Menu-7.jpg\" data-rel=\"iLightbox\"><img decoding=\"async\" src=\"https:\/\/www.uunisaari.fi\/wp-content\/uploads\/2025\/06\/EN_Menu-7.jpg\"><\/a><\/div><\/div><\/div><\/div><\/p>\n","protected":false},"excerpt":{"rendered":"","protected":false},"author":4,"featured_media":0,"parent":0,"menu_order":0,"comment_status":"closed","ping_status":"closed","template":"100-width.php","meta":{"footnotes":""},"class_list":["post-2466","page","type-page","status-publish","hentry"],"yoast_head":"<!-- This site is optimized with the Yoast SEO plugin v23.4 - https:\/\/yoast.com\/wordpress\/plugins\/seo\/ -->\n<title>Restaurant &amp; Caf\u00e9 | Uunisaari<\/title>\n<meta name=\"robots\" content=\"index, follow, max-snippet:-1, max-image-preview:large, max-video-preview:-1\" \/>\n<link rel=\"canonical\" href=\"https:\/\/www.uunisaari.fi\/en\/restaurant-cafe\/\" \/>\n<meta property=\"og:locale\" content=\"en_US\" \/>\n<meta property=\"og:type\" content=\"article\" \/>\n<meta property=\"og:title\" content=\"Restaurant &amp; Caf\u00e9 | Uunisaari\" \/>\n<meta property=\"og:url\" content=\"https:\/\/www.uunisaari.fi\/en\/restaurant-cafe\/\" \/>\n<meta property=\"og:site_name\" content=\"Uunisaari\" \/>\n<meta property=\"article:modified_time\" content=\"2025-11-12T08:22:48+00:00\" \/>\n<meta name=\"twitter:card\" content=\"summary_large_image\" \/>\n<meta name=\"twitter:label1\" content=\"Est. reading time\" \/>\n\t<meta name=\"twitter:data1\" content=\"3 minutes\" \/>\n<script type=\"application\/ld+json\" class=\"yoast-schema-graph\">{\"@context\":\"https:\/\/schema.org\",\"@graph\":[{\"@type\":\"WebPage\",\"@id\":\"https:\/\/www.uunisaari.fi\/en\/restaurant-cafe\/\",\"url\":\"https:\/\/www.uunisaari.fi\/en\/restaurant-cafe\/\",\"name\":\"Restaurant &amp; Caf\u00e9 | Uunisaari\",\"isPartOf\":{\"@id\":\"https:\/\/www.uunisaari.fi\/en\/#website\"},\"datePublished\":\"2024-11-20T15:33:14+00:00\",\"dateModified\":\"2025-11-12T08:22:48+00:00\",\"breadcrumb\":{\"@id\":\"https:\/\/www.uunisaari.fi\/en\/restaurant-cafe\/#breadcrumb\"},\"inLanguage\":\"en-US\",\"potentialAction\":[{\"@type\":\"ReadAction\",\"target\":[\"https:\/\/www.uunisaari.fi\/en\/restaurant-cafe\/\"]}]},{\"@type\":\"BreadcrumbList\",\"@id\":\"https:\/\/www.uunisaari.fi\/en\/restaurant-cafe\/#breadcrumb\",\"itemListElement\":[{\"@type\":\"ListItem\",\"position\":1,\"name\":\"Home\",\"item\":\"https:\/\/www.uunisaari.fi\/en\/\"},{\"@type\":\"ListItem\",\"position\":2,\"name\":\"Restaurant &amp; Caf\u00e9\"}]},{\"@type\":\"WebSite\",\"@id\":\"https:\/\/www.uunisaari.fi\/en\/#website\",\"url\":\"https:\/\/www.uunisaari.fi\/en\/\",\"name\":\"Uunisaari\",\"description\":\"Merellisi\u00e4 el\u00e4myksi\u00e4 ja upeita juhlia keskell\u00e4 Helsinki\u00e4.\",\"potentialAction\":[{\"@type\":\"SearchAction\",\"target\":{\"@type\":\"EntryPoint\",\"urlTemplate\":\"https:\/\/www.uunisaari.fi\/en\/?s={search_term_string}\"},\"query-input\":{\"@type\":\"PropertyValueSpecification\",\"valueRequired\":true,\"valueName\":\"search_term_string\"}}],\"inLanguage\":\"en-US\"}]}<\/script>\n<!-- \/ Yoast SEO plugin. -->","yoast_head_json":{"title":"Restaurant &amp; Caf\u00e9 | Uunisaari","robots":{"index":"index","follow":"follow","max-snippet":"max-snippet:-1","max-image-preview":"max-image-preview:large","max-video-preview":"max-video-preview:-1"},"canonical":"https:\/\/www.uunisaari.fi\/en\/restaurant-cafe\/","og_locale":"en_US","og_type":"article","og_title":"Restaurant &amp; Caf\u00e9 | Uunisaari","og_url":"https:\/\/www.uunisaari.fi\/en\/restaurant-cafe\/","og_site_name":"Uunisaari","article_modified_time":"2025-11-12T08:22:48+00:00","twitter_card":"summary_large_image","twitter_misc":{"Est. reading time":"3 minutes"},"schema":{"@context":"https:\/\/schema.org","@graph":[{"@type":"WebPage","@id":"https:\/\/www.uunisaari.fi\/en\/restaurant-cafe\/","url":"https:\/\/www.uunisaari.fi\/en\/restaurant-cafe\/","name":"Restaurant &amp; Caf\u00e9 | Uunisaari","isPartOf":{"@id":"https:\/\/www.uunisaari.fi\/en\/#website"},"datePublished":"2024-11-20T15:33:14+00:00","dateModified":"2025-11-12T08:22:48+00:00","breadcrumb":{"@id":"https:\/\/www.uunisaari.fi\/en\/restaurant-cafe\/#breadcrumb"},"inLanguage":"en-US","potentialAction":[{"@type":"ReadAction","target":["https:\/\/www.uunisaari.fi\/en\/restaurant-cafe\/"]}]},{"@type":"BreadcrumbList","@id":"https:\/\/www.uunisaari.fi\/en\/restaurant-cafe\/#breadcrumb","itemListElement":[{"@type":"ListItem","position":1,"name":"Home","item":"https:\/\/www.uunisaari.fi\/en\/"},{"@type":"ListItem","position":2,"name":"Restaurant &amp; Caf\u00e9"}]},{"@type":"WebSite","@id":"https:\/\/www.uunisaari.fi\/en\/#website","url":"https:\/\/www.uunisaari.fi\/en\/","name":"Uunisaari","description":"Merellisi\u00e4 el\u00e4myksi\u00e4 ja upeita juhlia keskell\u00e4 Helsinki\u00e4.","potentialAction":[{"@type":"SearchAction","target":{"@type":"EntryPoint","urlTemplate":"https:\/\/www.uunisaari.fi\/en\/?s={search_term_string}"},"query-input":{"@type":"PropertyValueSpecification","valueRequired":true,"valueName":"search_term_string"}}],"inLanguage":"en-US"}]}},"_links":{"self":[{"href":"https:\/\/www.uunisaari.fi\/en\/wp-json\/wp\/v2\/pages\/2466"}],"collection":[{"href":"https:\/\/www.uunisaari.fi\/en\/wp-json\/wp\/v2\/pages"}],"about":[{"href":"https:\/\/www.uunisaari.fi\/en\/wp-json\/wp\/v2\/types\/page"}],"author":[{"embeddable":true,"href":"https:\/\/www.uunisaari.fi\/en\/wp-json\/wp\/v2\/users\/4"}],"replies":[{"embeddable":true,"href":"https:\/\/www.uunisaari.fi\/en\/wp-json\/wp\/v2\/comments?post=2466"}],"version-history":[{"count":13,"href":"https:\/\/www.uunisaari.fi\/en\/wp-json\/wp\/v2\/pages\/2466\/revisions"}],"predecessor-version":[{"id":2924,"href":"https:\/\/www.uunisaari.fi\/en\/wp-json\/wp\/v2\/pages\/2466\/revisions\/2924"}],"wp:attachment":[{"href":"https:\/\/www.uunisaari.fi\/en\/wp-json\/wp\/v2\/media?parent=2466"}],"curies":[{"name":"wp","href":"https:\/\/api.w.org\/{rel}","templated":true}]}}