{"id":2468,"date":"2024-11-20T18:40:17","date_gmt":"2024-11-20T16:40:17","guid":{"rendered":"https:\/\/www.uunisaari.fi\/private-events\/"},"modified":"2025-06-11T19:44:45","modified_gmt":"2025-06-11T16:44:45","slug":"private-events","status":"publish","type":"page","link":"https:\/\/www.uunisaari.fi\/en\/private-events\/","title":{"rendered":"Private events"},"content":{"rendered":"<p><div class=\"fusion-fullwidth fullwidth-box fusion-builder-row-1 fusion-flex-container has-pattern-background has-mask-background nonhundred-percent-fullwidth non-hundred-percent-height-scrolling\" style=\"--awb-border-radius-top-left:0px;--awb-border-radius-top-right:0px;--awb-border-radius-bottom-right:0px;--awb-border-radius-bottom-left:0px;--awb-padding-top:60px;--awb-padding-bottom:60px;--awb-flex-wrap:wrap;\" id=\"#alku\" ><div class=\"fusion-builder-row fusion-row fusion-flex-align-items-center fusion-flex-content-wrap\" style=\"max-width:1216.8px;margin-left: calc(-4% \/ 2 );margin-right: calc(-4% \/ 2 );\"><div class=\"fusion-layout-column fusion_builder_column fusion-builder-column-0 fusion_builder_column_1_2 1_2 fusion-flex-column\" style=\"--awb-bg-size:cover;--awb-width-large:50%;--awb-margin-top-large:0px;--awb-spacing-right-large:3.84%;--awb-margin-bottom-large:20px;--awb-spacing-left-large:3.84%;--awb-width-medium:100%;--awb-order-medium:0;--awb-spacing-right-medium:1.92%;--awb-spacing-left-medium:1.92%;--awb-width-small:100%;--awb-order-small:0;--awb-spacing-right-small:1.92%;--awb-spacing-left-small:1.92%;\"><div class=\"fusion-column-wrapper fusion-column-has-shadow fusion-flex-justify-content-flex-start fusion-content-layout-column\"><div class=\"fusion-text fusion-text-1\"><h2 data-fontsize=\"28\" style=\"--fontSize: 28; line-height: 1.36;\" data-lineheight=\"38.08px\" class=\"fusion-responsive-typography-calculated\">Organise a variety of private events in Uunisaari<\/h2>\n<p>Uunisaari&#8217;s beautiful scenery and unique environment provide the perfect venue for events large and small. On the island you can celebrate weddings, birthdays, company parties or other events in the peace and quiet of nature and the sea. We tailor events to your wishes, and our facilities are suitable for both small and larger celebrations.  <\/p>\n<p>Don&#8217;t forget the new Uunisaari hut, where you can organise a variety of events from business meetings to a diverse evening programs. <\/p>\n<\/div><\/div><\/div><div class=\"fusion-layout-column fusion_builder_column fusion-builder-column-1 fusion_builder_column_1_2 1_2 fusion-flex-column\" style=\"--awb-bg-size:cover;--awb-width-large:50%;--awb-margin-top-large:0px;--awb-spacing-right-large:3.84%;--awb-margin-bottom-large:20px;--awb-spacing-left-large:3.84%;--awb-width-medium:100%;--awb-order-medium:0;--awb-spacing-right-medium:1.92%;--awb-spacing-left-medium:1.92%;--awb-width-small:100%;--awb-order-small:0;--awb-spacing-right-small:1.92%;--awb-spacing-left-small:1.92%;\"><div class=\"fusion-column-wrapper fusion-column-has-shadow fusion-flex-justify-content-flex-start fusion-content-layout-column\"><div class=\"fusion-image-element \" style=\"--awb-aspect-ratio:1 \/ 1;--awb-object-position:49% 52%;--awb-caption-title-font-family:var(--h2_typography-font-family);--awb-caption-title-font-weight:var(--h2_typography-font-weight);--awb-caption-title-font-style:var(--h2_typography-font-style);--awb-caption-title-size:var(--h2_typography-font-size);--awb-caption-title-transform:var(--h2_typography-text-transform);--awb-caption-title-line-height:var(--h2_typography-line-height);--awb-caption-title-letter-spacing:var(--h2_typography-letter-spacing);\"><span class=\" fusion-imageframe imageframe-none imageframe-1 hover-type-none has-aspect-ratio\"><img decoding=\"async\" width=\"600\" height=\"400\" src=\"https:\/\/www.uunisaari.fi\/wp-content\/uploads\/2024\/11\/uunisaari2-600x400.jpg\" class=\"img-responsive wp-image-2403 img-with-aspect-ratio\" alt srcset=\"https:\/\/www.uunisaari.fi\/wp-content\/uploads\/2024\/11\/uunisaari2-200x133.jpg 200w, https:\/\/www.uunisaari.fi\/wp-content\/uploads\/2024\/11\/uunisaari2-400x267.jpg 400w, https:\/\/www.uunisaari.fi\/wp-content\/uploads\/2024\/11\/uunisaari2-600x400.jpg 600w, https:\/\/www.uunisaari.fi\/wp-content\/uploads\/2024\/11\/uunisaari2-800x534.jpg 800w, https:\/\/www.uunisaari.fi\/wp-content\/uploads\/2024\/11\/uunisaari2-1200x801.jpg 1200w\" sizes=\"(max-width: 1024px) 100vw, (max-width: 640px) 100vw, 600px\" \/><\/span><\/div><\/div><\/div><\/div><\/div><div class=\"fusion-fullwidth fullwidth-box fusion-builder-row-2 fusion-flex-container has-pattern-background has-mask-background nonhundred-percent-fullwidth non-hundred-percent-height-scrolling\" style=\"--awb-border-radius-top-left:0px;--awb-border-radius-top-right:0px;--awb-border-radius-bottom-right:0px;--awb-border-radius-bottom-left:0px;--awb-padding-top:60px;--awb-padding-bottom:60px;--awb-background-color:var(--awb-color2);--awb-flex-wrap:wrap;\" id=\"haat\" ><div class=\"fusion-builder-row fusion-row fusion-flex-align-items-center fusion-flex-content-wrap\" style=\"max-width:1216.8px;margin-left: calc(-4% \/ 2 );margin-right: calc(-4% \/ 2 );\"><div class=\"fusion-layout-column fusion_builder_column fusion-builder-column-2 fusion_builder_column_1_2 1_2 fusion-flex-column fusion-no-small-visibility\" style=\"--awb-bg-size:cover;--awb-width-large:50%;--awb-margin-top-large:0px;--awb-spacing-right-large:3.84%;--awb-margin-bottom-large:20px;--awb-spacing-left-large:3.84%;--awb-width-medium:100%;--awb-order-medium:0;--awb-spacing-right-medium:1.92%;--awb-spacing-left-medium:1.92%;--awb-width-small:100%;--awb-order-small:0;--awb-spacing-right-small:1.92%;--awb-spacing-left-small:1.92%;\" data-scroll-devices=\"small-visibility,medium-visibility,large-visibility\"><div class=\"fusion-column-wrapper fusion-column-has-shadow fusion-flex-justify-content-flex-start fusion-content-layout-column\"><div class=\"fusion-image-element \" style=\"--awb-aspect-ratio:1 \/ 1;--awb-object-position:16% 70%;--awb-caption-title-font-family:var(--h2_typography-font-family);--awb-caption-title-font-weight:var(--h2_typography-font-weight);--awb-caption-title-font-style:var(--h2_typography-font-style);--awb-caption-title-size:var(--h2_typography-font-size);--awb-caption-title-transform:var(--h2_typography-text-transform);--awb-caption-title-line-height:var(--h2_typography-line-height);--awb-caption-title-letter-spacing:var(--h2_typography-letter-spacing);\"><span class=\" fusion-imageframe imageframe-none imageframe-2 hover-type-none has-aspect-ratio\"><img decoding=\"async\" width=\"600\" height=\"900\" src=\"https:\/\/www.uunisaari.fi\/wp-content\/uploads\/2024\/11\/uunisaari-05483-600x900.jpg\" class=\"img-responsive wp-image-2395 img-with-aspect-ratio\" alt srcset=\"https:\/\/www.uunisaari.fi\/wp-content\/uploads\/2024\/11\/uunisaari-05483-200x300.jpg 200w, https:\/\/www.uunisaari.fi\/wp-content\/uploads\/2024\/11\/uunisaari-05483-400x600.jpg 400w, https:\/\/www.uunisaari.fi\/wp-content\/uploads\/2024\/11\/uunisaari-05483-600x900.jpg 600w, https:\/\/www.uunisaari.fi\/wp-content\/uploads\/2024\/11\/uunisaari-05483-800x1200.jpg 800w, https:\/\/www.uunisaari.fi\/wp-content\/uploads\/2024\/11\/uunisaari-05483.jpg 1024w\" sizes=\"(max-width: 1024px) 100vw, (max-width: 640px) 100vw, 600px\" \/><\/span><\/div><\/div><\/div><div class=\"fusion-layout-column fusion_builder_column fusion-builder-column-3 fusion_builder_column_1_2 1_2 fusion-flex-column\" style=\"--awb-bg-size:cover;--awb-width-large:50%;--awb-margin-top-large:0px;--awb-spacing-right-large:3.84%;--awb-margin-bottom-large:20px;--awb-spacing-left-large:3.84%;--awb-width-medium:100%;--awb-order-medium:0;--awb-spacing-right-medium:1.92%;--awb-spacing-left-medium:1.92%;--awb-width-small:100%;--awb-order-small:0;--awb-spacing-right-small:1.92%;--awb-spacing-left-small:1.92%;\"><div class=\"fusion-column-wrapper fusion-column-has-shadow fusion-flex-justify-content-flex-start fusion-content-layout-column\"><div class=\"fusion-text fusion-text-2\"><h2>Host Your Dream Wedding at Uunisaari<\/h2>\n<p class=\"fusion-responsive-typography-calculated\" style=\"--fontsize: 22; line-height: 2; --minfontsize: 22; text-align: left;\" data-fontsize=\"22\" data-lineheight=\"44px\">The beautiful island with its sea views and historic brick building provide a perfect and unique setting for your wedding reception.<\/p>\n<p class=\"fusion-responsive-typography-calculated\" style=\"--fontsize: 22; line-height: 2; --minfontsize: 22; text-align: left;\" data-fontsize=\"22\" data-lineheight=\"44px\"><strong>The Vernissa room is tailor-made for a wedding reception and the smaller space of the Kabinet is perfect for another big day or even a smaller wedding.<\/strong><\/p>\n<p class=\"\" style=\"text-align: left;\">Weddings are a delicate and very personal occasion. A wedding ceremony on a terrace or in a beautiful seascape in front of Helsinki creates the setting for a unique celebration. Individually designed by Restaurant Uunisaari, from the menu to the decoration, your wedding will be unforgettable. The island&#8217;s rocky landscape is also a perfect location for filming. If your party is in winter, arriving by bridge will give your event a special touch. A well executed and planned wedding is like a tailor-made suit that fits perfectly. Let&#8217;s make wedding dreams come true together on Uunisaari.      <\/p>\n<p><span style=\"font-weight: 400;\">Contact us myynti@uunisaari.fi<\/span><\/p>\n<\/div><div ><a class=\"fusion-button button-3d fusion-button-default-size button-default fusion-button-default button-1 fusion-button-default-span fusion-button-default-type\" target=\"_self\" href=\"https:\/\/www.uunisaari.fi\/en\/restaurant-cafe\/#haat\"><span class=\"fusion-button-text\">See wedding menus<\/span><\/a><\/div><\/div><\/div><\/div><\/div><div class=\"fusion-fullwidth fullwidth-box fusion-builder-row-3 fusion-flex-container has-pattern-background has-mask-background nonhundred-percent-fullwidth non-hundred-percent-height-scrolling\" style=\"--awb-border-radius-top-left:0px;--awb-border-radius-top-right:0px;--awb-border-radius-bottom-right:0px;--awb-border-radius-bottom-left:0px;--awb-padding-top:60px;--awb-padding-bottom:60px;--awb-flex-wrap:wrap;\" id=\"kokoukset\" ><div class=\"fusion-builder-row fusion-row fusion-flex-align-items-center fusion-flex-content-wrap\" style=\"max-width:1216.8px;margin-left: calc(-4% \/ 2 );margin-right: calc(-4% \/ 2 );\"><div class=\"fusion-layout-column fusion_builder_column fusion-builder-column-4 fusion_builder_column_1_2 1_2 fusion-flex-column\" style=\"--awb-bg-size:cover;--awb-width-large:50%;--awb-margin-top-large:0px;--awb-spacing-right-large:3.84%;--awb-margin-bottom-large:20px;--awb-spacing-left-large:3.84%;--awb-width-medium:100%;--awb-order-medium:0;--awb-spacing-right-medium:1.92%;--awb-spacing-left-medium:1.92%;--awb-width-small:100%;--awb-order-small:0;--awb-spacing-right-small:1.92%;--awb-spacing-left-small:1.92%;\"><div class=\"fusion-column-wrapper fusion-column-has-shadow fusion-flex-justify-content-flex-start fusion-content-layout-column\"><div class=\"fusion-text fusion-text-3\"><h2>Meetings<\/h2>\n<p><strong>Meetings and business events in the beautiful surroundings of Uunisaari<\/strong><\/p>\n<p>Uunisaari offers an excellent setting for meetings and business events. Here, the beautiful seascape and peaceful surroundings create an inspiring and effective space for important discussions and decision-making. Our facilities are ideal for both small and large groups, and we offer the possibility to tailor your meeting or event to your specific needs. All facilities are equipped with modern technology and Uunisaari&#8217;s unique ambience ensures that your event will be memorable.   <\/p>\n<p>Welcome to organise your business event or meeting in the inspiring facilities of Uunisaari!<\/p>\n<p><strong>Contact us myynti@uunisaari.fi<\/strong><\/p>\n<\/div><\/div><\/div><div class=\"fusion-layout-column fusion_builder_column fusion-builder-column-5 fusion_builder_column_1_2 1_2 fusion-flex-column fusion-no-small-visibility\" style=\"--awb-bg-size:cover;--awb-width-large:50%;--awb-margin-top-large:0px;--awb-spacing-right-large:3.84%;--awb-margin-bottom-large:20px;--awb-spacing-left-large:3.84%;--awb-width-medium:100%;--awb-order-medium:0;--awb-spacing-right-medium:1.92%;--awb-spacing-left-medium:1.92%;--awb-width-small:100%;--awb-order-small:0;--awb-spacing-right-small:1.92%;--awb-spacing-left-small:1.92%;\" data-scroll-devices=\"small-visibility,medium-visibility,large-visibility\"><div class=\"fusion-column-wrapper fusion-column-has-shadow fusion-flex-justify-content-flex-start fusion-content-layout-column\"><div class=\"fusion-image-element \" style=\"--awb-aspect-ratio:1 \/ 1;--awb-object-position:16% 70%;--awb-caption-title-font-family:var(--h2_typography-font-family);--awb-caption-title-font-weight:var(--h2_typography-font-weight);--awb-caption-title-font-style:var(--h2_typography-font-style);--awb-caption-title-size:var(--h2_typography-font-size);--awb-caption-title-transform:var(--h2_typography-text-transform);--awb-caption-title-line-height:var(--h2_typography-line-height);--awb-caption-title-letter-spacing:var(--h2_typography-letter-spacing);\"><span class=\" fusion-imageframe imageframe-none imageframe-3 hover-type-none has-aspect-ratio\"><img decoding=\"async\" width=\"600\" height=\"903\" src=\"https:\/\/www.uunisaari.fi\/wp-content\/uploads\/2024\/11\/uunisaari_ravintola-600x903.jpg\" class=\"img-responsive wp-image-2409 img-with-aspect-ratio\" alt srcset=\"https:\/\/www.uunisaari.fi\/wp-content\/uploads\/2024\/11\/uunisaari_ravintola-200x301.jpg 200w, https:\/\/www.uunisaari.fi\/wp-content\/uploads\/2024\/11\/uunisaari_ravintola-400x602.jpg 400w, https:\/\/www.uunisaari.fi\/wp-content\/uploads\/2024\/11\/uunisaari_ravintola-600x903.jpg 600w, https:\/\/www.uunisaari.fi\/wp-content\/uploads\/2024\/11\/uunisaari_ravintola-800x1204.jpg 800w, https:\/\/www.uunisaari.fi\/wp-content\/uploads\/2024\/11\/uunisaari_ravintola-1200x1807.jpg 1200w, https:\/\/www.uunisaari.fi\/wp-content\/uploads\/2024\/11\/uunisaari_ravintola.jpg 1258w\" sizes=\"(max-width: 1024px) 100vw, (max-width: 640px) 100vw, 600px\" \/><\/span><\/div><\/div><\/div><\/div><\/div><\/p>\n","protected":false},"excerpt":{"rendered":"","protected":false},"author":4,"featured_media":0,"parent":0,"menu_order":0,"comment_status":"closed","ping_status":"closed","template":"100-width.php","meta":{"footnotes":""},"class_list":["post-2468","page","type-page","status-publish","hentry"],"yoast_head":"<!-- This site is optimized with the Yoast SEO plugin v23.4 - https:\/\/yoast.com\/wordpress\/plugins\/seo\/ -->\n<title>Private events | Uunisaari<\/title>\n<meta name=\"robots\" content=\"index, follow, max-snippet:-1, max-image-preview:large, max-video-preview:-1\" \/>\n<link rel=\"canonical\" href=\"https:\/\/www.uunisaari.fi\/en\/private-events\/\" \/>\n<meta property=\"og:locale\" content=\"en_US\" \/>\n<meta property=\"og:type\" content=\"article\" \/>\n<meta property=\"og:title\" content=\"Private events | Uunisaari\" \/>\n<meta property=\"og:url\" content=\"https:\/\/www.uunisaari.fi\/en\/private-events\/\" \/>\n<meta property=\"og:site_name\" content=\"Uunisaari\" \/>\n<meta property=\"article:modified_time\" content=\"2025-06-11T16:44:45+00:00\" \/>\n<meta name=\"twitter:card\" content=\"summary_large_image\" \/>\n<meta name=\"twitter:label1\" content=\"Est. reading time\" \/>\n\t<meta name=\"twitter:data1\" content=\"16 minutes\" \/>\n<script type=\"application\/ld+json\" class=\"yoast-schema-graph\">{\"@context\":\"https:\/\/schema.org\",\"@graph\":[{\"@type\":\"WebPage\",\"@id\":\"https:\/\/www.uunisaari.fi\/en\/private-events\/\",\"url\":\"https:\/\/www.uunisaari.fi\/en\/private-events\/\",\"name\":\"Private events | Uunisaari\",\"isPartOf\":{\"@id\":\"https:\/\/www.uunisaari.fi\/en\/#website\"},\"datePublished\":\"2024-11-20T16:40:17+00:00\",\"dateModified\":\"2025-06-11T16:44:45+00:00\",\"breadcrumb\":{\"@id\":\"https:\/\/www.uunisaari.fi\/en\/private-events\/#breadcrumb\"},\"inLanguage\":\"en-US\",\"potentialAction\":[{\"@type\":\"ReadAction\",\"target\":[\"https:\/\/www.uunisaari.fi\/en\/private-events\/\"]}]},{\"@type\":\"BreadcrumbList\",\"@id\":\"https:\/\/www.uunisaari.fi\/en\/private-events\/#breadcrumb\",\"itemListElement\":[{\"@type\":\"ListItem\",\"position\":1,\"name\":\"Home\",\"item\":\"https:\/\/www.uunisaari.fi\/en\/\"},{\"@type\":\"ListItem\",\"position\":2,\"name\":\"Private events\"}]},{\"@type\":\"WebSite\",\"@id\":\"https:\/\/www.uunisaari.fi\/en\/#website\",\"url\":\"https:\/\/www.uunisaari.fi\/en\/\",\"name\":\"Uunisaari\",\"description\":\"Merellisi\u00e4 el\u00e4myksi\u00e4 ja upeita juhlia keskell\u00e4 Helsinki\u00e4.\",\"potentialAction\":[{\"@type\":\"SearchAction\",\"target\":{\"@type\":\"EntryPoint\",\"urlTemplate\":\"https:\/\/www.uunisaari.fi\/en\/?s={search_term_string}\"},\"query-input\":{\"@type\":\"PropertyValueSpecification\",\"valueRequired\":true,\"valueName\":\"search_term_string\"}}],\"inLanguage\":\"en-US\"}]}<\/script>\n<!-- \/ Yoast SEO plugin. -->","yoast_head_json":{"title":"Private events | Uunisaari","robots":{"index":"index","follow":"follow","max-snippet":"max-snippet:-1","max-image-preview":"max-image-preview:large","max-video-preview":"max-video-preview:-1"},"canonical":"https:\/\/www.uunisaari.fi\/en\/private-events\/","og_locale":"en_US","og_type":"article","og_title":"Private events | Uunisaari","og_url":"https:\/\/www.uunisaari.fi\/en\/private-events\/","og_site_name":"Uunisaari","article_modified_time":"2025-06-11T16:44:45+00:00","twitter_card":"summary_large_image","twitter_misc":{"Est. reading time":"16 minutes"},"schema":{"@context":"https:\/\/schema.org","@graph":[{"@type":"WebPage","@id":"https:\/\/www.uunisaari.fi\/en\/private-events\/","url":"https:\/\/www.uunisaari.fi\/en\/private-events\/","name":"Private events | Uunisaari","isPartOf":{"@id":"https:\/\/www.uunisaari.fi\/en\/#website"},"datePublished":"2024-11-20T16:40:17+00:00","dateModified":"2025-06-11T16:44:45+00:00","breadcrumb":{"@id":"https:\/\/www.uunisaari.fi\/en\/private-events\/#breadcrumb"},"inLanguage":"en-US","potentialAction":[{"@type":"ReadAction","target":["https:\/\/www.uunisaari.fi\/en\/private-events\/"]}]},{"@type":"BreadcrumbList","@id":"https:\/\/www.uunisaari.fi\/en\/private-events\/#breadcrumb","itemListElement":[{"@type":"ListItem","position":1,"name":"Home","item":"https:\/\/www.uunisaari.fi\/en\/"},{"@type":"ListItem","position":2,"name":"Private events"}]},{"@type":"WebSite","@id":"https:\/\/www.uunisaari.fi\/en\/#website","url":"https:\/\/www.uunisaari.fi\/en\/","name":"Uunisaari","description":"Merellisi\u00e4 el\u00e4myksi\u00e4 ja upeita juhlia keskell\u00e4 Helsinki\u00e4.","potentialAction":[{"@type":"SearchAction","target":{"@type":"EntryPoint","urlTemplate":"https:\/\/www.uunisaari.fi\/en\/?s={search_term_string}"},"query-input":{"@type":"PropertyValueSpecification","valueRequired":true,"valueName":"search_term_string"}}],"inLanguage":"en-US"}]}},"_links":{"self":[{"href":"https:\/\/www.uunisaari.fi\/en\/wp-json\/wp\/v2\/pages\/2468"}],"collection":[{"href":"https:\/\/www.uunisaari.fi\/en\/wp-json\/wp\/v2\/pages"}],"about":[{"href":"https:\/\/www.uunisaari.fi\/en\/wp-json\/wp\/v2\/types\/page"}],"author":[{"embeddable":true,"href":"https:\/\/www.uunisaari.fi\/en\/wp-json\/wp\/v2\/users\/4"}],"replies":[{"embeddable":true,"href":"https:\/\/www.uunisaari.fi\/en\/wp-json\/wp\/v2\/comments?post=2468"}],"version-history":[{"count":21,"href":"https:\/\/www.uunisaari.fi\/en\/wp-json\/wp\/v2\/pages\/2468\/revisions"}],"predecessor-version":[{"id":2688,"href":"https:\/\/www.uunisaari.fi\/en\/wp-json\/wp\/v2\/pages\/2468\/revisions\/2688"}],"wp:attachment":[{"href":"https:\/\/www.uunisaari.fi\/en\/wp-json\/wp\/v2\/media?parent=2468"}],"curies":[{"name":"wp","href":"https:\/\/api.w.org\/{rel}","templated":true}]}}